{"id":59,"date":"2023-09-08T12:37:28","date_gmt":"2023-09-08T15:37:28","guid":{"rendered":"https:\/\/estudiojva.com.ar\/?page_id=59"},"modified":"2023-09-08T12:43:16","modified_gmt":"2023-09-08T15:43:16","slug":"outsourcing-y-recursos-humanos","status":"publish","type":"page","link":"https:\/\/estudiojva.com.ar\/index.php\/outsourcing-y-recursos-humanos\/","title":{"rendered":"Outsourcing y Recursos Humanos"},"content":{"rendered":"<p>[et_pb_section fb_built=&#8221;1&#8243; admin_label=&#8221;Header&#8221; _builder_version=&#8221;4.20.0&#8243; _module_preset=&#8221;default&#8221; use_background_color_gradient=&#8221;on&#8221; background_color_gradient_stops=&#8221;rgba(31,35,44,0.7) 0%|gcid-9fa4a1b6-767d-41ca-984c-a6f10449c843 100%&#8221; background_color_gradient_overlays_image=&#8221;on&#8221; background_image=&#8221;https:\/\/estudiojva.com.ar\/wp-content\/uploads\/2023\/09\/attorney-21.jpg&#8221; locked=&#8221;off&#8221; collapsed=&#8221;on&#8221; global_colors_info=&#8221;{%22gcid-9fa4a1b6-767d-41ca-984c-a6f10449c843%22:%91%22background_color_gradient_stops%22%93}&#8221; theme_builder_area=&#8221;post_content&#8221;][et_pb_row _builder_version=&#8221;4.20.0&#8243; _module_preset=&#8221;default&#8221; global_colors_info=&#8221;{}&#8221; theme_builder_area=&#8221;post_content&#8221;][et_pb_column type=&#8221;4_4&#8243; _builder_version=&#8221;4.20.0&#8243; _module_preset=&#8221;default&#8221; global_colors_info=&#8221;{}&#8221; theme_builder_area=&#8221;post_content&#8221;][et_pb_image src=&#8221;https:\/\/estudiojva.com.ar\/wp-content\/uploads\/2023\/09\/jvalogo.png&#8221; title_text=&#8221;jvalogo&#8221; align=&#8221;center&#8221; _builder_version=&#8221;4.22.1&#8243; _module_preset=&#8221;default&#8221; global_colors_info=&#8221;{}&#8221; theme_builder_area=&#8221;post_content&#8221;][\/et_pb_image][et_pb_image src=&#8221;https:\/\/estudiojva.com.ar\/wp-content\/uploads\/2023\/09\/attorney-1.png&#8221; title_text=&#8221;attorney-1&#8243; _builder_version=&#8221;4.20.0&#8243; _module_preset=&#8221;default&#8221; max_width=&#8221;130px&#8221; module_alignment=&#8221;center&#8221; global_colors_info=&#8221;{}&#8221; theme_builder_area=&#8221;post_content&#8221;][\/et_pb_image][et_pb_text _builder_version=&#8221;4.22.1&#8243; _module_preset=&#8221;1f228b57-afbf-4574-9bff-d26fb13599cd&#8221; header_text_color=&#8221;gcid-11d3dbbb-f6dc-4fb8-929b-9d6994368d00&#8243; text_orientation=&#8221;center&#8221; hover_enabled=&#8221;0&#8243; global_colors_info=&#8221;{%22gcid-11d3dbbb-f6dc-4fb8-929b-9d6994368d00%22:%91%22header_text_color%22%93}&#8221; theme_builder_area=&#8221;post_content&#8221; sticky_enabled=&#8221;0&#8243;]<\/p>\n<h1>Outsourcing y Recursos Humanos<\/h1>\n<p>[\/et_pb_text][\/et_pb_column][\/et_pb_row][\/et_pb_section][et_pb_section fb_built=&#8221;1&#8243; admin_label=&#8221;Service Info&#8221; _builder_version=&#8221;4.20.0&#8243; _module_preset=&#8221;default&#8221; background_color=&#8221;gcid-9fa4a1b6-767d-41ca-984c-a6f10449c843&#8243; collapsed=&#8221;on&#8221; global_colors_info=&#8221;{%22gcid-9fa4a1b6-767d-41ca-984c-a6f10449c843%22:%91%22background_color%22%93}&#8221; theme_builder_area=&#8221;post_content&#8221;][et_pb_row custom_padding_last_edited=&#8221;on|desktop&#8221; _builder_version=&#8221;4.20.0&#8243; _module_preset=&#8221;default&#8221; custom_padding=&#8221;30px|60px|30px|60px|true|true&#8221; custom_padding_tablet=&#8221;|40px||40px|false|true&#8221; custom_padding_phone=&#8221;20px|20px|20px|20px|true|true&#8221; border_color_all=&#8221;gcid-11d3dbbb-f6dc-4fb8-929b-9d6994368d00&#8243; border_width_left=&#8221;5px&#8221; global_colors_info=&#8221;{%22gcid-11d3dbbb-f6dc-4fb8-929b-9d6994368d00%22:%91%22border_color_all%22%93}&#8221; theme_builder_area=&#8221;post_content&#8221;][et_pb_column type=&#8221;4_4&#8243; _builder_version=&#8221;4.20.0&#8243; _module_preset=&#8221;default&#8221; global_colors_info=&#8221;{}&#8221; theme_builder_area=&#8221;post_content&#8221;][et_pb_text _builder_version=&#8221;4.22.1&#8243; _module_preset=&#8221;ea786203-3902-47ce-89bf-eb37c31578e3&#8243; header_3_text_color=&#8221;gcid-11d3dbbb-f6dc-4fb8-929b-9d6994368d00&#8243; hover_enabled=&#8221;0&#8243; global_colors_info=&#8221;{%22gcid-11d3dbbb-f6dc-4fb8-929b-9d6994368d00%22:%91%22header_3_text_color%22%93}&#8221; theme_builder_area=&#8221;post_content&#8221; sticky_enabled=&#8221;0&#8243;]<\/p>\n<h3>Outsourcing<\/h3>\n<p>[\/et_pb_text][et_pb_text _builder_version=&#8221;4.22.1&#8243; _module_preset=&#8221;6d2456a2-012b-4c11-9cf0-ee46230fce6b&#8221; text_text_color=&#8221;#FFFFFF&#8221; hover_enabled=&#8221;0&#8243; global_colors_info=&#8221;{}&#8221; theme_builder_area=&#8221;post_content&#8221; sticky_enabled=&#8221;0&#8243;]<\/p>\n<p>Outsourcing de tareas administrativas<br \/>&#8211; Asistencia en el inicio de actividades<br \/>&#8211; Inscripciones ante Municipalidades, AFIP, Rentas Provinciales, ANSeS, Entes Societarios y otras dependencias<br \/>&#8211; Registraci\u00f3n y control de transacciones<br \/>&#8211; Conciliaci\u00f3n de cuentas y Bancos.<br \/>&#8211; Confecci\u00f3n y Presentaci\u00f3n de Declaraciones Juradas mensuales, anuales e impositivas<br \/>&#8211; Emisi\u00f3n de Balances, Flujos de Fondos, Reportes de Gesti\u00f3n y Presupuestos<br \/>&#8211; Colaboraci\u00f3n en la toma de Inventarios F\u00edsicos-Actualizaci\u00f3n de libros comerciales<\/p>\n<p>[\/et_pb_text][\/et_pb_column][\/et_pb_row][et_pb_row custom_padding_last_edited=&#8221;on|desktop&#8221; _builder_version=&#8221;4.20.0&#8243; _module_preset=&#8221;default&#8221; custom_padding=&#8221;30px|60px|30px|60px|true|true&#8221; custom_padding_tablet=&#8221;|40px||40px|false|true&#8221; custom_padding_phone=&#8221;20px|20px|20px|20px|true|true&#8221; border_color_all=&#8221;gcid-11d3dbbb-f6dc-4fb8-929b-9d6994368d00&#8243; border_width_left=&#8221;5px&#8221; global_colors_info=&#8221;{%22gcid-11d3dbbb-f6dc-4fb8-929b-9d6994368d00%22:%91%22border_color_all%22%93}&#8221; theme_builder_area=&#8221;post_content&#8221;][et_pb_column type=&#8221;4_4&#8243; _builder_version=&#8221;4.20.0&#8243; _module_preset=&#8221;default&#8221; global_colors_info=&#8221;{}&#8221; theme_builder_area=&#8221;post_content&#8221;][et_pb_text _builder_version=&#8221;4.22.1&#8243; _module_preset=&#8221;ea786203-3902-47ce-89bf-eb37c31578e3&#8243; header_3_text_color=&#8221;gcid-11d3dbbb-f6dc-4fb8-929b-9d6994368d00&#8243; hover_enabled=&#8221;0&#8243; global_colors_info=&#8221;{%22gcid-11d3dbbb-f6dc-4fb8-929b-9d6994368d00%22:%91%22header_3_text_color%22%93}&#8221; theme_builder_area=&#8221;post_content&#8221; sticky_enabled=&#8221;0&#8243;]<\/p>\n<h3><strong>Recursos Humanos<br \/><\/strong><\/h3>\n<p>[\/et_pb_text][et_pb_text _builder_version=&#8221;4.22.1&#8243; _module_preset=&#8221;6d2456a2-012b-4c11-9cf0-ee46230fce6b&#8221; text_text_color=&#8221;#FFFFFF&#8221; hover_enabled=&#8221;0&#8243; global_colors_info=&#8221;{}&#8221; theme_builder_area=&#8221;post_content&#8221; sticky_enabled=&#8221;0&#8243;]<\/p>\n<p>\u00b7 Liquidaci\u00f3n de Sueldos y Jornales.<br \/>\u00b7 Liquidaci\u00f3n de Cargas Sociales.<br \/>\u00b7 Consultor\u00eda y asesoramiento en materia laboral y provisional.<br \/>\u00b7 Administraci\u00f3n de legajos del personal.<br \/>\u00b7 Tr\u00e1mites y registraci\u00f3n ante autoridades competentes por parte del empleador y\/o de sus respectivos empleados.<br \/>\u00b7 B\u00fasqueda y Selecci\u00f3n de Personal de todos los niveles.<br \/>\u00b7 An\u00e1lisis y control de Costos de n\u00f3minas salariales.<br \/>\u00b7 Capacitaci\u00f3n y Entrenamiento.<br \/>\u00b7 Evaluaci\u00f3n de Desempe\u00f1o de Personal.<\/p>\n<p>[\/et_pb_text][\/et_pb_column][\/et_pb_row][et_pb_row _builder_version=&#8221;4.22.1&#8243; _module_preset=&#8221;default&#8221; global_colors_info=&#8221;{}&#8221; theme_builder_area=&#8221;post_content&#8221;][et_pb_column type=&#8221;4_4&#8243; _builder_version=&#8221;4.22.1&#8243; _module_preset=&#8221;default&#8221; global_colors_info=&#8221;{}&#8221; theme_builder_area=&#8221;post_content&#8221;][et_pb_button button_url=&#8221;https:\/\/estudiojva.com.ar\/#servicios&#8221; button_text=&#8221;Volver a Listado de Servicios&#8221; button_alignment=&#8221;right&#8221; _builder_version=&#8221;4.22.1&#8243; _module_preset=&#8221;default&#8221; custom_button=&#8221;on&#8221; button_text_size=&#8221;15px&#8221; button_text_color=&#8221;#FFFFFF&#8221; global_colors_info=&#8221;{}&#8221; theme_builder_area=&#8221;post_content&#8221;][\/et_pb_button][\/et_pb_column][\/et_pb_row][\/et_pb_section]<\/p>\n","protected":false},"excerpt":{"rendered":"<p>Outsourcing y Recursos HumanosOutsourcingOutsourcing de tareas administrativas- Asistencia en el inicio de actividades- Inscripciones ante Municipalidades, AFIP, Rentas Provinciales, ANSeS, Entes Societarios y otras dependencias- Registraci\u00f3n y control de transacciones- Conciliaci\u00f3n de cuentas y Bancos.- Confecci\u00f3n y Presentaci\u00f3n de Declaraciones Juradas mensuales, anuales e impositivas- Emisi\u00f3n de Balances, Flujos de Fondos, Reportes de Gesti\u00f3n y [&hellip;]<\/p>\n","protected":false},"author":1,"featured_media":0,"parent":0,"menu_order":0,"comment_status":"closed","ping_status":"closed","template":"page-template-blank.php","meta":{"_et_pb_use_builder":"on","_et_pb_old_content":"","_et_gb_content_width":"","footnotes":""},"class_list":["post-59","page","type-page","status-publish","hentry"],"yoast_head":"<!-- This site is optimized with the Yoast SEO plugin v22.5 - https:\/\/yoast.com\/wordpress\/plugins\/seo\/ -->\n<title>Outsourcing y Recursos Humanos - Estudio JVA<\/title>\n<meta name=\"robots\" content=\"index, follow, max-snippet:-1, max-image-preview:large, max-video-preview:-1\" \/>\n<link rel=\"canonical\" href=\"https:\/\/estudiojva.com.ar\/index.php\/outsourcing-y-recursos-humanos\/\" \/>\n<meta property=\"og:locale\" content=\"es_ES\" \/>\n<meta property=\"og:type\" content=\"article\" \/>\n<meta property=\"og:title\" content=\"Outsourcing y Recursos Humanos - Estudio JVA\" \/>\n<meta property=\"og:description\" content=\"Outsourcing y Recursos HumanosOutsourcingOutsourcing de tareas administrativas- Asistencia en el inicio de actividades- Inscripciones ante Municipalidades, AFIP, Rentas Provinciales, ANSeS, Entes Societarios y otras dependencias- Registraci\u00f3n y control de transacciones- Conciliaci\u00f3n de cuentas y Bancos.- Confecci\u00f3n y Presentaci\u00f3n de Declaraciones Juradas mensuales, anuales e impositivas- Emisi\u00f3n de Balances, Flujos de Fondos, Reportes de Gesti\u00f3n y [&hellip;]\" \/>\n<meta property=\"og:url\" content=\"https:\/\/estudiojva.com.ar\/index.php\/outsourcing-y-recursos-humanos\/\" \/>\n<meta property=\"og:site_name\" content=\"Estudio JVA\" \/>\n<meta property=\"article:modified_time\" content=\"2023-09-08T15:43:16+00:00\" \/>\n<meta name=\"twitter:card\" content=\"summary_large_image\" \/>\n<script type=\"application\/ld+json\" class=\"yoast-schema-graph\">{\"@context\":\"https:\/\/schema.org\",\"@graph\":[{\"@type\":\"WebPage\",\"@id\":\"https:\/\/estudiojva.com.ar\/index.php\/outsourcing-y-recursos-humanos\/\",\"url\":\"https:\/\/estudiojva.com.ar\/index.php\/outsourcing-y-recursos-humanos\/\",\"name\":\"Outsourcing y Recursos Humanos - Estudio JVA\",\"isPartOf\":{\"@id\":\"https:\/\/estudiojva.com.ar\/#website\"},\"datePublished\":\"2023-09-08T15:37:28+00:00\",\"dateModified\":\"2023-09-08T15:43:16+00:00\",\"breadcrumb\":{\"@id\":\"https:\/\/estudiojva.com.ar\/index.php\/outsourcing-y-recursos-humanos\/#breadcrumb\"},\"inLanguage\":\"es-AR\",\"potentialAction\":[{\"@type\":\"ReadAction\",\"target\":[\"https:\/\/estudiojva.com.ar\/index.php\/outsourcing-y-recursos-humanos\/\"]}]},{\"@type\":\"BreadcrumbList\",\"@id\":\"https:\/\/estudiojva.com.ar\/index.php\/outsourcing-y-recursos-humanos\/#breadcrumb\",\"itemListElement\":[{\"@type\":\"ListItem\",\"position\":1,\"name\":\"Inicio\",\"item\":\"https:\/\/estudiojva.com.ar\/\"},{\"@type\":\"ListItem\",\"position\":2,\"name\":\"Outsourcing y Recursos Humanos\"}]},{\"@type\":\"WebSite\",\"@id\":\"https:\/\/estudiojva.com.ar\/#website\",\"url\":\"https:\/\/estudiojva.com.ar\/\",\"name\":\"Estudio JVA\",\"description\":\"\",\"potentialAction\":[{\"@type\":\"SearchAction\",\"target\":{\"@type\":\"EntryPoint\",\"urlTemplate\":\"https:\/\/estudiojva.com.ar\/?s={search_term_string}\"},\"query-input\":\"required name=search_term_string\"}],\"inLanguage\":\"es-AR\"}]}<\/script>\n<!-- \/ Yoast SEO plugin. -->","yoast_head_json":{"title":"Outsourcing y Recursos Humanos - Estudio JVA","robots":{"index":"index","follow":"follow","max-snippet":"max-snippet:-1","max-image-preview":"max-image-preview:large","max-video-preview":"max-video-preview:-1"},"canonical":"https:\/\/estudiojva.com.ar\/index.php\/outsourcing-y-recursos-humanos\/","og_locale":"es_ES","og_type":"article","og_title":"Outsourcing y Recursos Humanos - Estudio JVA","og_description":"Outsourcing y Recursos HumanosOutsourcingOutsourcing de tareas administrativas- Asistencia en el inicio de actividades- Inscripciones ante Municipalidades, AFIP, Rentas Provinciales, ANSeS, Entes Societarios y otras dependencias- Registraci\u00f3n y control de transacciones- Conciliaci\u00f3n de cuentas y Bancos.- Confecci\u00f3n y Presentaci\u00f3n de Declaraciones Juradas mensuales, anuales e impositivas- Emisi\u00f3n de Balances, Flujos de Fondos, Reportes de Gesti\u00f3n y [&hellip;]","og_url":"https:\/\/estudiojva.com.ar\/index.php\/outsourcing-y-recursos-humanos\/","og_site_name":"Estudio JVA","article_modified_time":"2023-09-08T15:43:16+00:00","twitter_card":"summary_large_image","schema":{"@context":"https:\/\/schema.org","@graph":[{"@type":"WebPage","@id":"https:\/\/estudiojva.com.ar\/index.php\/outsourcing-y-recursos-humanos\/","url":"https:\/\/estudiojva.com.ar\/index.php\/outsourcing-y-recursos-humanos\/","name":"Outsourcing y Recursos Humanos - Estudio JVA","isPartOf":{"@id":"https:\/\/estudiojva.com.ar\/#website"},"datePublished":"2023-09-08T15:37:28+00:00","dateModified":"2023-09-08T15:43:16+00:00","breadcrumb":{"@id":"https:\/\/estudiojva.com.ar\/index.php\/outsourcing-y-recursos-humanos\/#breadcrumb"},"inLanguage":"es-AR","potentialAction":[{"@type":"ReadAction","target":["https:\/\/estudiojva.com.ar\/index.php\/outsourcing-y-recursos-humanos\/"]}]},{"@type":"BreadcrumbList","@id":"https:\/\/estudiojva.com.ar\/index.php\/outsourcing-y-recursos-humanos\/#breadcrumb","itemListElement":[{"@type":"ListItem","position":1,"name":"Inicio","item":"https:\/\/estudiojva.com.ar\/"},{"@type":"ListItem","position":2,"name":"Outsourcing y Recursos Humanos"}]},{"@type":"WebSite","@id":"https:\/\/estudiojva.com.ar\/#website","url":"https:\/\/estudiojva.com.ar\/","name":"Estudio JVA","description":"","potentialAction":[{"@type":"SearchAction","target":{"@type":"EntryPoint","urlTemplate":"https:\/\/estudiojva.com.ar\/?s={search_term_string}"},"query-input":"required name=search_term_string"}],"inLanguage":"es-AR"}]}},"_links":{"self":[{"href":"https:\/\/estudiojva.com.ar\/index.php\/wp-json\/wp\/v2\/pages\/59","targetHints":{"allow":["GET"]}}],"collection":[{"href":"https:\/\/estudiojva.com.ar\/index.php\/wp-json\/wp\/v2\/pages"}],"about":[{"href":"https:\/\/estudiojva.com.ar\/index.php\/wp-json\/wp\/v2\/types\/page"}],"author":[{"embeddable":true,"href":"https:\/\/estudiojva.com.ar\/index.php\/wp-json\/wp\/v2\/users\/1"}],"replies":[{"embeddable":true,"href":"https:\/\/estudiojva.com.ar\/index.php\/wp-json\/wp\/v2\/comments?post=59"}],"version-history":[{"count":2,"href":"https:\/\/estudiojva.com.ar\/index.php\/wp-json\/wp\/v2\/pages\/59\/revisions"}],"predecessor-version":[{"id":62,"href":"https:\/\/estudiojva.com.ar\/index.php\/wp-json\/wp\/v2\/pages\/59\/revisions\/62"}],"wp:attachment":[{"href":"https:\/\/estudiojva.com.ar\/index.php\/wp-json\/wp\/v2\/media?parent=59"}],"curies":[{"name":"wp","href":"https:\/\/api.w.org\/{rel}","templated":true}]}}