{"id":55,"date":"2023-09-08T12:29:01","date_gmt":"2023-09-08T15:29:01","guid":{"rendered":"https:\/\/estudiojva.com.ar\/?page_id=55"},"modified":"2023-09-08T12:43:07","modified_gmt":"2023-09-08T15:43:07","slug":"mora-temprana","status":"publish","type":"page","link":"https:\/\/estudiojva.com.ar\/index.php\/mora-temprana\/","title":{"rendered":"Mora Temprana"},"content":{"rendered":"<p>[et_pb_section fb_built=&#8221;1&#8243; admin_label=&#8221;Header&#8221; _builder_version=&#8221;4.20.0&#8243; _module_preset=&#8221;default&#8221; use_background_color_gradient=&#8221;on&#8221; background_color_gradient_stops=&#8221;rgba(31,35,44,0.7) 0%|gcid-9fa4a1b6-767d-41ca-984c-a6f10449c843 100%&#8221; background_color_gradient_overlays_image=&#8221;on&#8221; background_image=&#8221;https:\/\/estudiojva.com.ar\/wp-content\/uploads\/2023\/09\/attorney-21.jpg&#8221; locked=&#8221;off&#8221; collapsed=&#8221;on&#8221; global_colors_info=&#8221;{%22gcid-9fa4a1b6-767d-41ca-984c-a6f10449c843%22:%91%22background_color_gradient_stops%22%93}&#8221; theme_builder_area=&#8221;post_content&#8221;][et_pb_row _builder_version=&#8221;4.20.0&#8243; _module_preset=&#8221;default&#8221; global_colors_info=&#8221;{}&#8221; theme_builder_area=&#8221;post_content&#8221;][et_pb_column type=&#8221;4_4&#8243; _builder_version=&#8221;4.20.0&#8243; _module_preset=&#8221;default&#8221; global_colors_info=&#8221;{}&#8221; theme_builder_area=&#8221;post_content&#8221;][et_pb_image src=&#8221;https:\/\/estudiojva.com.ar\/wp-content\/uploads\/2023\/09\/jvalogo.png&#8221; title_text=&#8221;jvalogo&#8221; align=&#8221;center&#8221; _builder_version=&#8221;4.22.1&#8243; _module_preset=&#8221;default&#8221; global_colors_info=&#8221;{}&#8221; theme_builder_area=&#8221;post_content&#8221;][\/et_pb_image][et_pb_image src=&#8221;https:\/\/estudiojva.com.ar\/wp-content\/uploads\/2023\/09\/attorney-1.png&#8221; title_text=&#8221;attorney-1&#8243; _builder_version=&#8221;4.20.0&#8243; _module_preset=&#8221;default&#8221; max_width=&#8221;130px&#8221; module_alignment=&#8221;center&#8221; global_colors_info=&#8221;{}&#8221; theme_builder_area=&#8221;post_content&#8221;][\/et_pb_image][et_pb_text _builder_version=&#8221;4.22.1&#8243; _module_preset=&#8221;1f228b57-afbf-4574-9bff-d26fb13599cd&#8221; header_text_color=&#8221;gcid-11d3dbbb-f6dc-4fb8-929b-9d6994368d00&#8243; text_orientation=&#8221;center&#8221; hover_enabled=&#8221;0&#8243; global_colors_info=&#8221;{%22gcid-11d3dbbb-f6dc-4fb8-929b-9d6994368d00%22:%91%22header_text_color%22%93}&#8221; theme_builder_area=&#8221;post_content&#8221; sticky_enabled=&#8221;0&#8243;]<\/p>\n<h1>Mora Temprana y Recupero de Activos<\/h1>\n<p>[\/et_pb_text][\/et_pb_column][\/et_pb_row][\/et_pb_section][et_pb_section fb_built=&#8221;1&#8243; admin_label=&#8221;Service Info&#8221; _builder_version=&#8221;4.20.0&#8243; _module_preset=&#8221;default&#8221; background_color=&#8221;gcid-9fa4a1b6-767d-41ca-984c-a6f10449c843&#8243; collapsed=&#8221;on&#8221; global_colors_info=&#8221;{%22gcid-9fa4a1b6-767d-41ca-984c-a6f10449c843%22:%91%22background_color%22%93}&#8221; theme_builder_area=&#8221;post_content&#8221;][et_pb_row custom_padding_last_edited=&#8221;on|desktop&#8221; _builder_version=&#8221;4.20.0&#8243; _module_preset=&#8221;default&#8221; custom_padding=&#8221;30px|60px|30px|60px|true|true&#8221; custom_padding_tablet=&#8221;|40px||40px|false|true&#8221; custom_padding_phone=&#8221;20px|20px|20px|20px|true|true&#8221; border_color_all=&#8221;gcid-11d3dbbb-f6dc-4fb8-929b-9d6994368d00&#8243; border_width_left=&#8221;5px&#8221; global_colors_info=&#8221;{%22gcid-11d3dbbb-f6dc-4fb8-929b-9d6994368d00%22:%91%22border_color_all%22%93}&#8221; theme_builder_area=&#8221;post_content&#8221;][et_pb_column type=&#8221;4_4&#8243; _builder_version=&#8221;4.20.0&#8243; _module_preset=&#8221;default&#8221; global_colors_info=&#8221;{}&#8221; theme_builder_area=&#8221;post_content&#8221;][et_pb_text _builder_version=&#8221;4.22.1&#8243; _module_preset=&#8221;ea786203-3902-47ce-89bf-eb37c31578e3&#8243; header_3_text_color=&#8221;gcid-11d3dbbb-f6dc-4fb8-929b-9d6994368d00&#8243; hover_enabled=&#8221;0&#8243; global_colors_info=&#8221;{%22gcid-11d3dbbb-f6dc-4fb8-929b-9d6994368d00%22:%91%22header_3_text_color%22%93}&#8221; theme_builder_area=&#8221;post_content&#8221; sticky_enabled=&#8221;0&#8243;]<\/p>\n<h3>Mora Temprana<\/h3>\n<p>[\/et_pb_text][et_pb_text _builder_version=&#8221;4.22.1&#8243; _module_preset=&#8221;6d2456a2-012b-4c11-9cf0-ee46230fce6b&#8221; text_text_color=&#8221;#FFFFFF&#8221; hover_enabled=&#8221;0&#8243; global_colors_info=&#8221;{}&#8221; theme_builder_area=&#8221;post_content&#8221; sticky_enabled=&#8221;0&#8243;]<\/p>\n<p>Por ello en el Estudio JVA Jamardo, Vaccaro &amp; Asociados no solo brindamos asesoramiento permanente a las Organizaciones y a sus Ejecutivos en todas las cuestiones relativas a la informaci\u00f3n, que redundar\u00e1 en una correcta toma de decisiones, sino tambi\u00e9n gestionamos desde la Organizaci\u00f3n regional los Departamentos de Mora Temprana (incluidos la confecci\u00f3n de los Manuales de Procedimientos correspondientes), hasta la conformaci\u00f3n de los call centers o apoyos del Estudio para el recupero extrajudicial de los activos y sus garant\u00edas.<\/p>\n<p>[\/et_pb_text][\/et_pb_column][\/et_pb_row][et_pb_row custom_padding_last_edited=&#8221;on|desktop&#8221; _builder_version=&#8221;4.20.0&#8243; _module_preset=&#8221;default&#8221; custom_padding=&#8221;30px|60px|30px|60px|true|true&#8221; custom_padding_tablet=&#8221;|40px||40px|false|true&#8221; custom_padding_phone=&#8221;20px|20px|20px|20px|true|true&#8221; border_color_all=&#8221;gcid-11d3dbbb-f6dc-4fb8-929b-9d6994368d00&#8243; border_width_left=&#8221;5px&#8221; global_colors_info=&#8221;{%22gcid-11d3dbbb-f6dc-4fb8-929b-9d6994368d00%22:%91%22border_color_all%22%93}&#8221; theme_builder_area=&#8221;post_content&#8221;][et_pb_column type=&#8221;4_4&#8243; _builder_version=&#8221;4.20.0&#8243; _module_preset=&#8221;default&#8221; global_colors_info=&#8221;{}&#8221; theme_builder_area=&#8221;post_content&#8221;][et_pb_text _builder_version=&#8221;4.22.1&#8243; _module_preset=&#8221;ea786203-3902-47ce-89bf-eb37c31578e3&#8243; header_3_text_color=&#8221;gcid-11d3dbbb-f6dc-4fb8-929b-9d6994368d00&#8243; hover_enabled=&#8221;0&#8243; global_colors_info=&#8221;{%22gcid-11d3dbbb-f6dc-4fb8-929b-9d6994368d00%22:%91%22header_3_text_color%22%93}&#8221; theme_builder_area=&#8221;post_content&#8221; sticky_enabled=&#8221;0&#8243;]<\/p>\n<h3><strong>Asuntos transferidos a Gesti\u00f3n y Mora<\/strong><\/h3>\n<p>[\/et_pb_text][et_pb_text _builder_version=&#8221;4.22.1&#8243; _module_preset=&#8221;6d2456a2-012b-4c11-9cf0-ee46230fce6b&#8221; text_text_color=&#8221;#FFFFFF&#8221; hover_enabled=&#8221;0&#8243; global_colors_info=&#8221;{}&#8221; theme_builder_area=&#8221;post_content&#8221; sticky_enabled=&#8221;0&#8243;]<\/p>\n<p class=\"Estilo36\">Elaboramos informes previos para aquellos casos que requiera su transferencia a Gesti\u00f3n y Mora, viabilidad del recupero (para evitar gastos no recuperables), y gestionamos su cobro por la v\u00eda extrajudicial o judicial que se considere mas apropiado para el recupero del activo y sus garant\u00edas.<\/p>\n<p class=\"Estilo36\">Asimismo y en forma exclusiva para Entidades Bancarias y Financieras elaboramos informes y controlamos la cartera cuya mora exceda los 270 d\u00edas y estuvieran totalmente previsionados, con el objeto de contabilizar dichas deudas en Cuentas de Orden en un todo de acuerdo a lo dispuesto en la Comunicaci\u00f3n \u201cA\u201d 4467 del BCRA punto 2.5. \u201cDeudas totalmente previsionadas de deudores en categor\u00eda \u201cirrecuperables\u201d.<\/p>\n<p>[\/et_pb_text][\/et_pb_column][\/et_pb_row][et_pb_row _builder_version=&#8221;4.22.1&#8243; _module_preset=&#8221;default&#8221; global_colors_info=&#8221;{}&#8221; theme_builder_area=&#8221;post_content&#8221;][et_pb_column type=&#8221;4_4&#8243; _builder_version=&#8221;4.22.1&#8243; _module_preset=&#8221;default&#8221; global_colors_info=&#8221;{}&#8221; theme_builder_area=&#8221;post_content&#8221;][et_pb_button button_url=&#8221;https:\/\/estudiojva.com.ar\/#servicios&#8221; button_text=&#8221;Volver a Listado de Servicios&#8221; button_alignment=&#8221;right&#8221; _builder_version=&#8221;4.22.1&#8243; _module_preset=&#8221;default&#8221; custom_button=&#8221;on&#8221; button_text_size=&#8221;15px&#8221; button_text_color=&#8221;#FFFFFF&#8221; global_colors_info=&#8221;{}&#8221; theme_builder_area=&#8221;post_content&#8221;][\/et_pb_button][\/et_pb_column][\/et_pb_row][\/et_pb_section]<\/p>\n","protected":false},"excerpt":{"rendered":"<p>Mora Temprana y Recupero de ActivosMora TempranaPor ello en el Estudio JVA Jamardo, Vaccaro &amp; Asociados no solo brindamos asesoramiento permanente a las Organizaciones y a sus Ejecutivos en todas las cuestiones relativas a la informaci\u00f3n, que redundar\u00e1 en una correcta toma de decisiones, sino tambi\u00e9n gestionamos desde la Organizaci\u00f3n regional los Departamentos de Mora [&hellip;]<\/p>\n","protected":false},"author":1,"featured_media":0,"parent":0,"menu_order":0,"comment_status":"closed","ping_status":"closed","template":"page-template-blank.php","meta":{"_et_pb_use_builder":"on","_et_pb_old_content":"","_et_gb_content_width":"","footnotes":""},"class_list":["post-55","page","type-page","status-publish","hentry"],"yoast_head":"<!-- This site is optimized with the Yoast SEO plugin v22.5 - https:\/\/yoast.com\/wordpress\/plugins\/seo\/ -->\n<title>Mora Temprana - Estudio JVA<\/title>\n<meta name=\"robots\" content=\"index, follow, max-snippet:-1, max-image-preview:large, max-video-preview:-1\" \/>\n<link rel=\"canonical\" href=\"https:\/\/estudiojva.com.ar\/index.php\/mora-temprana\/\" \/>\n<meta property=\"og:locale\" content=\"es_ES\" \/>\n<meta property=\"og:type\" content=\"article\" \/>\n<meta property=\"og:title\" content=\"Mora Temprana - Estudio JVA\" \/>\n<meta property=\"og:description\" content=\"Mora Temprana y Recupero de ActivosMora TempranaPor ello en el Estudio JVA Jamardo, Vaccaro &amp; Asociados no solo brindamos asesoramiento permanente a las Organizaciones y a sus Ejecutivos en todas las cuestiones relativas a la informaci\u00f3n, que redundar\u00e1 en una correcta toma de decisiones, sino tambi\u00e9n gestionamos desde la Organizaci\u00f3n regional los Departamentos de Mora [&hellip;]\" \/>\n<meta property=\"og:url\" content=\"https:\/\/estudiojva.com.ar\/index.php\/mora-temprana\/\" \/>\n<meta property=\"og:site_name\" content=\"Estudio JVA\" \/>\n<meta property=\"article:modified_time\" content=\"2023-09-08T15:43:07+00:00\" \/>\n<meta name=\"twitter:card\" content=\"summary_large_image\" \/>\n<script type=\"application\/ld+json\" class=\"yoast-schema-graph\">{\"@context\":\"https:\/\/schema.org\",\"@graph\":[{\"@type\":\"WebPage\",\"@id\":\"https:\/\/estudiojva.com.ar\/index.php\/mora-temprana\/\",\"url\":\"https:\/\/estudiojva.com.ar\/index.php\/mora-temprana\/\",\"name\":\"Mora Temprana - Estudio JVA\",\"isPartOf\":{\"@id\":\"https:\/\/estudiojva.com.ar\/#website\"},\"datePublished\":\"2023-09-08T15:29:01+00:00\",\"dateModified\":\"2023-09-08T15:43:07+00:00\",\"breadcrumb\":{\"@id\":\"https:\/\/estudiojva.com.ar\/index.php\/mora-temprana\/#breadcrumb\"},\"inLanguage\":\"es-AR\",\"potentialAction\":[{\"@type\":\"ReadAction\",\"target\":[\"https:\/\/estudiojva.com.ar\/index.php\/mora-temprana\/\"]}]},{\"@type\":\"BreadcrumbList\",\"@id\":\"https:\/\/estudiojva.com.ar\/index.php\/mora-temprana\/#breadcrumb\",\"itemListElement\":[{\"@type\":\"ListItem\",\"position\":1,\"name\":\"Inicio\",\"item\":\"https:\/\/estudiojva.com.ar\/\"},{\"@type\":\"ListItem\",\"position\":2,\"name\":\"Mora Temprana\"}]},{\"@type\":\"WebSite\",\"@id\":\"https:\/\/estudiojva.com.ar\/#website\",\"url\":\"https:\/\/estudiojva.com.ar\/\",\"name\":\"Estudio JVA\",\"description\":\"\",\"potentialAction\":[{\"@type\":\"SearchAction\",\"target\":{\"@type\":\"EntryPoint\",\"urlTemplate\":\"https:\/\/estudiojva.com.ar\/?s={search_term_string}\"},\"query-input\":\"required name=search_term_string\"}],\"inLanguage\":\"es-AR\"}]}<\/script>\n<!-- \/ Yoast SEO plugin. -->","yoast_head_json":{"title":"Mora Temprana - Estudio JVA","robots":{"index":"index","follow":"follow","max-snippet":"max-snippet:-1","max-image-preview":"max-image-preview:large","max-video-preview":"max-video-preview:-1"},"canonical":"https:\/\/estudiojva.com.ar\/index.php\/mora-temprana\/","og_locale":"es_ES","og_type":"article","og_title":"Mora Temprana - Estudio JVA","og_description":"Mora Temprana y Recupero de ActivosMora TempranaPor ello en el Estudio JVA Jamardo, Vaccaro &amp; Asociados no solo brindamos asesoramiento permanente a las Organizaciones y a sus Ejecutivos en todas las cuestiones relativas a la informaci\u00f3n, que redundar\u00e1 en una correcta toma de decisiones, sino tambi\u00e9n gestionamos desde la Organizaci\u00f3n regional los Departamentos de Mora [&hellip;]","og_url":"https:\/\/estudiojva.com.ar\/index.php\/mora-temprana\/","og_site_name":"Estudio JVA","article_modified_time":"2023-09-08T15:43:07+00:00","twitter_card":"summary_large_image","schema":{"@context":"https:\/\/schema.org","@graph":[{"@type":"WebPage","@id":"https:\/\/estudiojva.com.ar\/index.php\/mora-temprana\/","url":"https:\/\/estudiojva.com.ar\/index.php\/mora-temprana\/","name":"Mora Temprana - Estudio JVA","isPartOf":{"@id":"https:\/\/estudiojva.com.ar\/#website"},"datePublished":"2023-09-08T15:29:01+00:00","dateModified":"2023-09-08T15:43:07+00:00","breadcrumb":{"@id":"https:\/\/estudiojva.com.ar\/index.php\/mora-temprana\/#breadcrumb"},"inLanguage":"es-AR","potentialAction":[{"@type":"ReadAction","target":["https:\/\/estudiojva.com.ar\/index.php\/mora-temprana\/"]}]},{"@type":"BreadcrumbList","@id":"https:\/\/estudiojva.com.ar\/index.php\/mora-temprana\/#breadcrumb","itemListElement":[{"@type":"ListItem","position":1,"name":"Inicio","item":"https:\/\/estudiojva.com.ar\/"},{"@type":"ListItem","position":2,"name":"Mora Temprana"}]},{"@type":"WebSite","@id":"https:\/\/estudiojva.com.ar\/#website","url":"https:\/\/estudiojva.com.ar\/","name":"Estudio JVA","description":"","potentialAction":[{"@type":"SearchAction","target":{"@type":"EntryPoint","urlTemplate":"https:\/\/estudiojva.com.ar\/?s={search_term_string}"},"query-input":"required name=search_term_string"}],"inLanguage":"es-AR"}]}},"_links":{"self":[{"href":"https:\/\/estudiojva.com.ar\/index.php\/wp-json\/wp\/v2\/pages\/55","targetHints":{"allow":["GET"]}}],"collection":[{"href":"https:\/\/estudiojva.com.ar\/index.php\/wp-json\/wp\/v2\/pages"}],"about":[{"href":"https:\/\/estudiojva.com.ar\/index.php\/wp-json\/wp\/v2\/types\/page"}],"author":[{"embeddable":true,"href":"https:\/\/estudiojva.com.ar\/index.php\/wp-json\/wp\/v2\/users\/1"}],"replies":[{"embeddable":true,"href":"https:\/\/estudiojva.com.ar\/index.php\/wp-json\/wp\/v2\/comments?post=55"}],"version-history":[{"count":2,"href":"https:\/\/estudiojva.com.ar\/index.php\/wp-json\/wp\/v2\/pages\/55\/revisions"}],"predecessor-version":[{"id":58,"href":"https:\/\/estudiojva.com.ar\/index.php\/wp-json\/wp\/v2\/pages\/55\/revisions\/58"}],"wp:attachment":[{"href":"https:\/\/estudiojva.com.ar\/index.php\/wp-json\/wp\/v2\/media?parent=55"}],"curies":[{"name":"wp","href":"https:\/\/api.w.org\/{rel}","templated":true}]}}